{"id":2,"date":"2022-11-16T20:13:42","date_gmt":"2022-11-16T20:13:42","guid":{"rendered":"https:\/\/medialabpatagonia.org\/soymapu\/?page_id=2"},"modified":"2022-11-28T18:40:12","modified_gmt":"2022-11-28T18:40:12","slug":"pagina-ejemplo","status":"publish","type":"page","link":"https:\/\/medialabpatagonia.org\/soymapu\/","title":{"rendered":""},"content":{"rendered":"\n<p>Hay quienes <strong>visten sus ropas tradicionales, participan de las ceremonias, hablan su lengua <\/strong>y organizan su vida siguiendo los preceptos comunitarios. Otres lo hacen en forma <strong>mas reservada<\/strong>, pero con el mismo sentimiento de pertenencia a un pueblo originario. <\/p>\n\n\n\n<p>Algunas y algunos <strong>se reconocen mapus desde hace a\u00f1os<\/strong>. Desde que nacieron, en el seno de familias tradicionales, o con un padre o una madre mapu. Pero <strong>hay quienes comenzaron lentamente <\/strong>a asumirse parte de este pueblo siendo adolescentes o incluso mayores.<\/p>\n\n\n\n<p>Esta producci\u00f3n de <strong>estudiantes de tercer a\u00f1o de la carrera de Comunicaci\u00f3n Social <\/strong>de la Universidad Nacional del Comahue cuenta algunas de estas historias. Intenta buscar las <strong>ra\u00edces de la identidad mapuche<\/strong>. Explora el significado que tienen <strong>la tierra, las ceremonias y la lengua <\/strong>para cada uno y cada una de ellas. Busca conocer c\u00f3mo fueron los procesos personales que les llevaron a reconocerse mapus.<\/p>\n\n\n\n<p>Son historias de <strong>reivindicaci\u00f3n y de lucha<\/strong>. Intensa, dura, permanente. Contra los prejuicios, la estigmatizaci\u00f3n, la discriminaci\u00f3n en la <strong>escuela <\/strong>y contra la imagen que construyen la mayor\u00eda de los <strong>grandes medios de comunicaci\u00f3n<\/strong>, que suelen mostrarles como enemigos, violentos y hasta terroristas.<\/p>\n\n\n\n<p>Son historias que cuentan <strong>el orgullo que sienten de ser mapuches<\/strong>.<\/p>\n\n\n\n<p><\/p>\n\n\n\n<figure class=\"wp-block-gallery has-nested-images columns-5 is-cropped wp-block-gallery-1 is-layout-flex wp-block-gallery-is-layout-flex\">\n<figure class=\"wp-block-image size-large\"><a href=\"https:\/\/medialabpatagonia.org\/soymapu\/2022\/11\/24\/reconstruir-la-identidad-cuestionar-las-costumbres-desde-el-feminismo-territorial\/\"><img loading=\"lazy\" decoding=\"async\" width=\"582\" height=\"553\" data-id=\"566\" src=\"https:\/\/medialabpatagonia.org\/soymapu\/wp-content\/uploads\/sites\/14\/2022\/11\/meli.jpg\" alt=\"\" class=\"wp-image-566\" srcset=\"https:\/\/medialabpatagonia.org\/soymapu\/wp-content\/uploads\/sites\/14\/2022\/11\/meli.jpg 582w, https:\/\/medialabpatagonia.org\/soymapu\/wp-content\/uploads\/sites\/14\/2022\/11\/meli-300x285.jpg 300w, https:\/\/medialabpatagonia.org\/soymapu\/wp-content\/uploads\/sites\/14\/2022\/11\/meli-500x475.jpg 500w, https:\/\/medialabpatagonia.org\/soymapu\/wp-content\/uploads\/sites\/14\/2022\/11\/meli-63x60.jpg 63w\" sizes=\"auto, (max-width: 582px) 100vw, 582px\" \/><\/a><figcaption class=\"wp-element-caption\">Anah\u00ed Meli<\/figcaption><\/figure>\n\n\n\n<figure class=\"wp-block-image size-large\"><a href=\"https:\/\/medialabpatagonia.org\/soymapu\/2022\/11\/25\/somos-parte-de-esta-sociedad\/\"><img loading=\"lazy\" decoding=\"async\" width=\"582\" height=\"553\" data-id=\"114\" src=\"https:\/\/medialabpatagonia.org\/soymapu\/wp-content\/uploads\/sites\/14\/2022\/11\/carriqueo-orlando-582x400@2x.jpg\" alt=\"\" class=\"wp-image-114\" srcset=\"https:\/\/medialabpatagonia.org\/soymapu\/wp-content\/uploads\/sites\/14\/2022\/11\/carriqueo-orlando-582x400@2x.jpg 582w, https:\/\/medialabpatagonia.org\/soymapu\/wp-content\/uploads\/sites\/14\/2022\/11\/carriqueo-orlando-582x400@2x-300x285.jpg 300w, https:\/\/medialabpatagonia.org\/soymapu\/wp-content\/uploads\/sites\/14\/2022\/11\/carriqueo-orlando-582x400@2x-500x475.jpg 500w, https:\/\/medialabpatagonia.org\/soymapu\/wp-content\/uploads\/sites\/14\/2022\/11\/carriqueo-orlando-582x400@2x-63x60.jpg 63w\" sizes=\"auto, (max-width: 582px) 100vw, 582px\" \/><\/a><figcaption class=\"wp-element-caption\">Orlando Carriqueo<\/figcaption><\/figure>\n\n\n\n<figure class=\"wp-block-image size-large\"><a href=\"https:\/\/medialabpatagonia.org\/soymapu\/2022\/11\/23\/la-identidad-mapuche-una-construccion-cotidiana-una-tarea-permanente\/\"><img loading=\"lazy\" decoding=\"async\" width=\"576\" height=\"548\" data-id=\"538\" src=\"https:\/\/medialabpatagonia.org\/soymapu\/wp-content\/uploads\/sites\/14\/2022\/11\/maiten.jpg\" alt=\"\" class=\"wp-image-538\" srcset=\"https:\/\/medialabpatagonia.org\/soymapu\/wp-content\/uploads\/sites\/14\/2022\/11\/maiten.jpg 576w, https:\/\/medialabpatagonia.org\/soymapu\/wp-content\/uploads\/sites\/14\/2022\/11\/maiten-300x285.jpg 300w, https:\/\/medialabpatagonia.org\/soymapu\/wp-content\/uploads\/sites\/14\/2022\/11\/maiten-500x476.jpg 500w, https:\/\/medialabpatagonia.org\/soymapu\/wp-content\/uploads\/sites\/14\/2022\/11\/maiten-63x60.jpg 63w\" sizes=\"auto, (max-width: 576px) 100vw, 576px\" \/><\/a><figcaption class=\"wp-element-caption\">Maiten Ca\u00f1icul Quilaleo<\/figcaption><\/figure>\n\n\n\n<figure class=\"wp-block-image size-large\"><a href=\"https:\/\/medialabpatagonia.org\/soymapu\/2022\/11\/25\/la-ensenanza-intercultural\/\"><img loading=\"lazy\" decoding=\"async\" width=\"582\" height=\"553\" data-id=\"546\" src=\"https:\/\/medialabpatagonia.org\/soymapu\/wp-content\/uploads\/sites\/14\/2022\/11\/sebastian-leal.png\" alt=\"\" class=\"wp-image-546\" srcset=\"https:\/\/medialabpatagonia.org\/soymapu\/wp-content\/uploads\/sites\/14\/2022\/11\/sebastian-leal.png 582w, https:\/\/medialabpatagonia.org\/soymapu\/wp-content\/uploads\/sites\/14\/2022\/11\/sebastian-leal-300x285.png 300w, https:\/\/medialabpatagonia.org\/soymapu\/wp-content\/uploads\/sites\/14\/2022\/11\/sebastian-leal-500x475.png 500w, https:\/\/medialabpatagonia.org\/soymapu\/wp-content\/uploads\/sites\/14\/2022\/11\/sebastian-leal-63x60.png 63w\" sizes=\"auto, (max-width: 582px) 100vw, 582px\" \/><\/a><figcaption class=\"wp-element-caption\">Sebasti\u00e1n Leal<\/figcaption><\/figure>\n\n\n\n<figure class=\"wp-block-image size-large\"><a href=\"https:\/\/medialabpatagonia.org\/soymapu\/2022\/11\/23\/no-por-ser-mapuche-tenes-que-vivir-sin-agua-potable-en-la-pobreza-y-con-tres-chivas\/\"><img loading=\"lazy\" decoding=\"async\" width=\"582\" height=\"553\" data-id=\"563\" src=\"https:\/\/medialabpatagonia.org\/soymapu\/wp-content\/uploads\/sites\/14\/2022\/11\/tomando-mates1-2.jpg\" alt=\"\" class=\"wp-image-563\" srcset=\"https:\/\/medialabpatagonia.org\/soymapu\/wp-content\/uploads\/sites\/14\/2022\/11\/tomando-mates1-2.jpg 582w, https:\/\/medialabpatagonia.org\/soymapu\/wp-content\/uploads\/sites\/14\/2022\/11\/tomando-mates1-2-300x285.jpg 300w, https:\/\/medialabpatagonia.org\/soymapu\/wp-content\/uploads\/sites\/14\/2022\/11\/tomando-mates1-2-500x475.jpg 500w, https:\/\/medialabpatagonia.org\/soymapu\/wp-content\/uploads\/sites\/14\/2022\/11\/tomando-mates1-2-63x60.jpg 63w\" sizes=\"auto, (max-width: 582px) 100vw, 582px\" \/><\/a><figcaption class=\"wp-element-caption\">Nuil y Millal\u00e9n Carranza<\/figcaption><\/figure>\n\n\n\n<figure class=\"wp-block-image size-large\"><a href=\"https:\/\/medialabpatagonia.org\/soymapu\/2022\/11\/23\/__trashed\/\"><img loading=\"lazy\" decoding=\"async\" width=\"582\" height=\"553\" data-id=\"562\" src=\"https:\/\/medialabpatagonia.org\/soymapu\/wp-content\/uploads\/sites\/14\/2022\/11\/nadiaparisdestacad.jpg\" alt=\"\" class=\"wp-image-562\" srcset=\"https:\/\/medialabpatagonia.org\/soymapu\/wp-content\/uploads\/sites\/14\/2022\/11\/nadiaparisdestacad.jpg 582w, https:\/\/medialabpatagonia.org\/soymapu\/wp-content\/uploads\/sites\/14\/2022\/11\/nadiaparisdestacad-300x285.jpg 300w, https:\/\/medialabpatagonia.org\/soymapu\/wp-content\/uploads\/sites\/14\/2022\/11\/nadiaparisdestacad-500x475.jpg 500w, https:\/\/medialabpatagonia.org\/soymapu\/wp-content\/uploads\/sites\/14\/2022\/11\/nadiaparisdestacad-63x60.jpg 63w\" sizes=\"auto, (max-width: 582px) 100vw, 582px\" \/><\/a><figcaption class=\"wp-element-caption\">Nadia Par\u00eds<\/figcaption><\/figure>\n\n\n\n<figure class=\"wp-block-image size-large\"><a href=\"https:\/\/medialabpatagonia.org\/soymapu\/2022\/11\/24\/__trashed-2\/\"><img loading=\"lazy\" decoding=\"async\" width=\"582\" height=\"553\" data-id=\"555\" src=\"https:\/\/medialabpatagonia.org\/soymapu\/wp-content\/uploads\/sites\/14\/2022\/11\/alan-1.jpeg\" alt=\"\" class=\"wp-image-555\" srcset=\"https:\/\/medialabpatagonia.org\/soymapu\/wp-content\/uploads\/sites\/14\/2022\/11\/alan-1.jpeg 582w, https:\/\/medialabpatagonia.org\/soymapu\/wp-content\/uploads\/sites\/14\/2022\/11\/alan-1-300x285.jpeg 300w, https:\/\/medialabpatagonia.org\/soymapu\/wp-content\/uploads\/sites\/14\/2022\/11\/alan-1-500x475.jpeg 500w, https:\/\/medialabpatagonia.org\/soymapu\/wp-content\/uploads\/sites\/14\/2022\/11\/alan-1-63x60.jpeg 63w\" sizes=\"auto, (max-width: 582px) 100vw, 582px\" \/><\/a><figcaption class=\"wp-element-caption\">Andrea Alan<\/figcaption><\/figure>\n\n\n\n<figure class=\"wp-block-image size-large\"><a href=\"https:\/\/medialabpatagonia.org\/soymapu\/2022\/11\/25\/somos-mapuche-siempre-y-donde-estemos\/\"><img loading=\"lazy\" decoding=\"async\" width=\"582\" height=\"553\" data-id=\"543\" src=\"https:\/\/medialabpatagonia.org\/soymapu\/wp-content\/uploads\/sites\/14\/2022\/11\/ale-1.png\" alt=\"\" class=\"wp-image-543\" srcset=\"https:\/\/medialabpatagonia.org\/soymapu\/wp-content\/uploads\/sites\/14\/2022\/11\/ale-1.png 582w, https:\/\/medialabpatagonia.org\/soymapu\/wp-content\/uploads\/sites\/14\/2022\/11\/ale-1-300x285.png 300w, https:\/\/medialabpatagonia.org\/soymapu\/wp-content\/uploads\/sites\/14\/2022\/11\/ale-1-500x475.png 500w, https:\/\/medialabpatagonia.org\/soymapu\/wp-content\/uploads\/sites\/14\/2022\/11\/ale-1-63x60.png 63w\" sizes=\"auto, (max-width: 582px) 100vw, 582px\" \/><\/a><figcaption class=\"wp-element-caption\">Daniel Morales<\/figcaption><\/figure>\n\n\n\n<figure class=\"wp-block-image size-large\"><a href=\"https:\/\/medialabpatagonia.org\/soymapu\/2022\/11\/23\/159\/\"><img loading=\"lazy\" decoding=\"async\" width=\"582\" height=\"553\" data-id=\"557\" src=\"https:\/\/medialabpatagonia.org\/soymapu\/wp-content\/uploads\/sites\/14\/2022\/11\/camila-1.jpg\" alt=\"\" class=\"wp-image-557\" srcset=\"https:\/\/medialabpatagonia.org\/soymapu\/wp-content\/uploads\/sites\/14\/2022\/11\/camila-1.jpg 582w, https:\/\/medialabpatagonia.org\/soymapu\/wp-content\/uploads\/sites\/14\/2022\/11\/camila-1-300x285.jpg 300w, https:\/\/medialabpatagonia.org\/soymapu\/wp-content\/uploads\/sites\/14\/2022\/11\/camila-1-500x475.jpg 500w, https:\/\/medialabpatagonia.org\/soymapu\/wp-content\/uploads\/sites\/14\/2022\/11\/camila-1-63x60.jpg 63w\" sizes=\"auto, (max-width: 582px) 100vw, 582px\" \/><\/a><figcaption class=\"wp-element-caption\">Camila Leal<\/figcaption><\/figure>\n\n\n\n<figure class=\"wp-block-image size-large\"><a href=\"https:\/\/medialabpatagonia.org\/soymapu\/2022\/11\/25\/nos-vamos-levantando-mas-porque-nos-estamos-haciendo-cargo-de-nuestras-propias-historias\/\"><img loading=\"lazy\" decoding=\"async\" width=\"582\" height=\"553\" data-id=\"542\" src=\"https:\/\/medialabpatagonia.org\/soymapu\/wp-content\/uploads\/sites\/14\/2022\/11\/rocio-andrade-1.jpg\" alt=\"\" class=\"wp-image-542\" srcset=\"https:\/\/medialabpatagonia.org\/soymapu\/wp-content\/uploads\/sites\/14\/2022\/11\/rocio-andrade-1.jpg 582w, https:\/\/medialabpatagonia.org\/soymapu\/wp-content\/uploads\/sites\/14\/2022\/11\/rocio-andrade-1-300x285.jpg 300w, https:\/\/medialabpatagonia.org\/soymapu\/wp-content\/uploads\/sites\/14\/2022\/11\/rocio-andrade-1-500x475.jpg 500w, https:\/\/medialabpatagonia.org\/soymapu\/wp-content\/uploads\/sites\/14\/2022\/11\/rocio-andrade-1-63x60.jpg 63w\" sizes=\"auto, (max-width: 582px) 100vw, 582px\" \/><\/a><figcaption class=\"wp-element-caption\">Roc\u00edo Andrade<\/figcaption><\/figure>\n\n\n\n<figure class=\"wp-block-image size-large\"><a href=\"https:\/\/medialabpatagonia.org\/soymapu\/2022\/11\/25\/hay-que-tener-valentia-para-nombrarse-mapuche\/\"><img loading=\"lazy\" decoding=\"async\" width=\"585\" height=\"555\" data-id=\"539\" src=\"https:\/\/medialabpatagonia.org\/soymapu\/wp-content\/uploads\/sites\/14\/2022\/11\/ferneculman.png\" alt=\"\" class=\"wp-image-539\" srcset=\"https:\/\/medialabpatagonia.org\/soymapu\/wp-content\/uploads\/sites\/14\/2022\/11\/ferneculman.png 585w, https:\/\/medialabpatagonia.org\/soymapu\/wp-content\/uploads\/sites\/14\/2022\/11\/ferneculman-300x285.png 300w, https:\/\/medialabpatagonia.org\/soymapu\/wp-content\/uploads\/sites\/14\/2022\/11\/ferneculman-500x474.png 500w, https:\/\/medialabpatagonia.org\/soymapu\/wp-content\/uploads\/sites\/14\/2022\/11\/ferneculman-63x60.png 63w\" sizes=\"auto, (max-width: 585px) 100vw, 585px\" \/><\/a><figcaption class=\"wp-element-caption\">Fernanda Neculm\u00e1n<\/figcaption><\/figure>\n\n\n\n<figure class=\"wp-block-image size-large\"><a href=\"https:\/\/medialabpatagonia.org\/soymapu\/2022\/11\/25\/quien-soy\/\"><img loading=\"lazy\" decoding=\"async\" width=\"592\" height=\"563\" data-id=\"536\" src=\"https:\/\/medialabpatagonia.org\/soymapu\/wp-content\/uploads\/sites\/14\/2022\/11\/destacada-4.jpeg\" alt=\"\" class=\"wp-image-536\" srcset=\"https:\/\/medialabpatagonia.org\/soymapu\/wp-content\/uploads\/sites\/14\/2022\/11\/destacada-4.jpeg 592w, https:\/\/medialabpatagonia.org\/soymapu\/wp-content\/uploads\/sites\/14\/2022\/11\/destacada-4-300x285.jpeg 300w, https:\/\/medialabpatagonia.org\/soymapu\/wp-content\/uploads\/sites\/14\/2022\/11\/destacada-4-500x476.jpeg 500w, https:\/\/medialabpatagonia.org\/soymapu\/wp-content\/uploads\/sites\/14\/2022\/11\/destacada-4-63x60.jpeg 63w\" sizes=\"auto, (max-width: 592px) 100vw, 592px\" \/><\/a><figcaption class=\"wp-element-caption\">Al\u00e9 Huent\u00e9n<\/figcaption><\/figure>\n\n\n\n<figure class=\"wp-block-image size-large\"><a href=\"https:\/\/medialabpatagonia.org\/soymapu\/2022\/11\/25\/orgullo-por-sus-raices\/\"><img loading=\"lazy\" decoding=\"async\" width=\"582\" height=\"553\" data-id=\"545\" src=\"https:\/\/medialabpatagonia.org\/soymapu\/wp-content\/uploads\/sites\/14\/2022\/11\/evelinmorales.jpg\" alt=\"\" class=\"wp-image-545\" srcset=\"https:\/\/medialabpatagonia.org\/soymapu\/wp-content\/uploads\/sites\/14\/2022\/11\/evelinmorales.jpg 582w, https:\/\/medialabpatagonia.org\/soymapu\/wp-content\/uploads\/sites\/14\/2022\/11\/evelinmorales-300x285.jpg 300w, https:\/\/medialabpatagonia.org\/soymapu\/wp-content\/uploads\/sites\/14\/2022\/11\/evelinmorales-500x475.jpg 500w, https:\/\/medialabpatagonia.org\/soymapu\/wp-content\/uploads\/sites\/14\/2022\/11\/evelinmorales-63x60.jpg 63w\" sizes=\"auto, (max-width: 582px) 100vw, 582px\" \/><\/a><figcaption class=\"wp-element-caption\">Evelin Morales<\/figcaption><\/figure>\n\n\n\n<figure class=\"wp-block-image size-large\"><a href=\"https:\/\/medialabpatagonia.org\/soymapu\/2022\/11\/23\/no-cumplo-con-el-estereotipo-pero-soy-mapuche\/\"><img loading=\"lazy\" decoding=\"async\" width=\"582\" height=\"553\" data-id=\"558\" src=\"https:\/\/medialabpatagonia.org\/soymapu\/wp-content\/uploads\/sites\/14\/2022\/11\/umaw-1.jpg\" alt=\"\" class=\"wp-image-558\" srcset=\"https:\/\/medialabpatagonia.org\/soymapu\/wp-content\/uploads\/sites\/14\/2022\/11\/umaw-1.jpg 582w, https:\/\/medialabpatagonia.org\/soymapu\/wp-content\/uploads\/sites\/14\/2022\/11\/umaw-1-300x285.jpg 300w, https:\/\/medialabpatagonia.org\/soymapu\/wp-content\/uploads\/sites\/14\/2022\/11\/umaw-1-500x475.jpg 500w, https:\/\/medialabpatagonia.org\/soymapu\/wp-content\/uploads\/sites\/14\/2022\/11\/umaw-1-63x60.jpg 63w\" sizes=\"auto, (max-width: 582px) 100vw, 582px\" \/><\/a><figcaption class=\"wp-element-caption\">Umawtufe Wenxu<\/figcaption><\/figure>\n\n\n\n<figure class=\"wp-block-image size-large\"><a href=\"https:\/\/medialabpatagonia.org\/soymapu\/2022\/11\/23\/que-nuestra-lengua-y-conocimientos-vivan-depende-de-la-juventud\/\"><img loading=\"lazy\" decoding=\"async\" width=\"582\" height=\"553\" data-id=\"554\" src=\"https:\/\/medialabpatagonia.org\/soymapu\/wp-content\/uploads\/sites\/14\/2022\/11\/ailen-1.jpeg\" alt=\"\" class=\"wp-image-554\" srcset=\"https:\/\/medialabpatagonia.org\/soymapu\/wp-content\/uploads\/sites\/14\/2022\/11\/ailen-1.jpeg 582w, https:\/\/medialabpatagonia.org\/soymapu\/wp-content\/uploads\/sites\/14\/2022\/11\/ailen-1-300x285.jpeg 300w, https:\/\/medialabpatagonia.org\/soymapu\/wp-content\/uploads\/sites\/14\/2022\/11\/ailen-1-500x475.jpeg 500w, https:\/\/medialabpatagonia.org\/soymapu\/wp-content\/uploads\/sites\/14\/2022\/11\/ailen-1-63x60.jpeg 63w\" sizes=\"auto, (max-width: 582px) 100vw, 582px\" \/><\/a><figcaption class=\"wp-element-caption\">Al\u00e9n Quilaleo<\/figcaption><\/figure>\n<\/figure>\n","protected":false},"excerpt":{"rendered":"<p>Hay quienes visten sus ropas tradicionales, participan de las ceremonias, hablan su lengua y organizan su vida siguiendo los preceptos comunitarios. Otres lo hacen en forma mas reservada, pero con el mismo sentimiento de pertenencia a un pueblo originario. Algunas y algunos se reconocen mapus desde hace a\u00f1os. Desde que nacieron, en el seno de &hellip; <\/p>\n","protected":false},"author":8,"featured_media":0,"parent":0,"menu_order":0,"comment_status":"closed","ping_status":"open","template":"","meta":{"_exactmetrics_skip_tracking":false,"_exactmetrics_sitenote_active":false,"_exactmetrics_sitenote_note":"","_exactmetrics_sitenote_category":0,"footnotes":""},"class_list":["post-2","page","type-page","status-publish","hentry"],"_links":{"self":[{"href":"https:\/\/medialabpatagonia.org\/soymapu\/wp-json\/wp\/v2\/pages\/2","targetHints":{"allow":["GET"]}}],"collection":[{"href":"https:\/\/medialabpatagonia.org\/soymapu\/wp-json\/wp\/v2\/pages"}],"about":[{"href":"https:\/\/medialabpatagonia.org\/soymapu\/wp-json\/wp\/v2\/types\/page"}],"author":[{"embeddable":true,"href":"https:\/\/medialabpatagonia.org\/soymapu\/wp-json\/wp\/v2\/users\/8"}],"replies":[{"embeddable":true,"href":"https:\/\/medialabpatagonia.org\/soymapu\/wp-json\/wp\/v2\/comments?post=2"}],"version-history":[{"count":13,"href":"https:\/\/medialabpatagonia.org\/soymapu\/wp-json\/wp\/v2\/pages\/2\/revisions"}],"predecessor-version":[{"id":581,"href":"https:\/\/medialabpatagonia.org\/soymapu\/wp-json\/wp\/v2\/pages\/2\/revisions\/581"}],"wp:attachment":[{"href":"https:\/\/medialabpatagonia.org\/soymapu\/wp-json\/wp\/v2\/media?parent=2"}],"curies":[{"name":"wp","href":"https:\/\/api.w.org\/{rel}","templated":true}]}}